{"id":83,"date":"2021-07-18T05:43:25","date_gmt":"2021-07-18T05:43:25","guid":{"rendered":"https:\/\/dentoclinic.co\/?page_id=83"},"modified":"2024-06-06T00:49:43","modified_gmt":"2024-06-06T00:49:43","slug":"contacto","status":"publish","type":"page","link":"https:\/\/dentoclinic.co\/en\/contacto\/","title":{"rendered":"Contact"},"content":{"rendered":"<p>[et_pb_section fb_built=&#8221;1&#8243; _builder_version=&#8221;4.9.10&#8243; _module_preset=&#8221;default&#8221; background_color=&#8221;#502574&#8243; custom_margin=&#8221;||||false|false&#8221; custom_padding=&#8221;19px||0px||false|false&#8221;][et_pb_row _builder_version=&#8221;4.9.10&#8243; _module_preset=&#8221;default&#8221;][et_pb_column type=&#8221;4_4&#8243; _builder_version=&#8221;4.9.10&#8243; _module_preset=&#8221;default&#8221;][et_pb_text _builder_version=&#8221;4.9.10&#8243; _module_preset=&#8221;default&#8221; header_font=&#8221;Jost|600|||||||&#8221; header_text_align=&#8221;center&#8221; header_text_color=&#8221;#FFFFFF&#8221; header_font_size=&#8221;84px&#8221; custom_margin_tablet=&#8221;&#8221; custom_margin_phone=&#8221;10px||||false|false&#8221; custom_margin_last_edited=&#8221;on|desktop&#8221; header_font_size_tablet=&#8221;&#8221; header_font_size_phone=&#8221;40px&#8221; header_font_size_last_edited=&#8221;on|phone&#8221;]<\/p>\n<div class=\"title\">\n<h1>Contacto<\/h1>\n<\/div>\n<p>[\/et_pb_text][\/et_pb_column][\/et_pb_row][\/et_pb_section][et_pb_section fb_built=&#8221;1&#8243; _builder_version=&#8221;4.9.10&#8243; _module_preset=&#8221;default&#8221; background_color=&#8221;RGBA(0,0,0,0)&#8221; positioning=&#8221;fixed&#8221; position_origin_f=&#8221;bottom_center&#8221; z_index=&#8221;500&#8243; custom_padding=&#8221;0px||0px|||&#8221; sticky_position=&#8221;bottom&#8221; global_module=&#8221;260&#8243; saved_tabs=&#8221;all&#8221;][et_pb_row column_structure=&#8221;1_2,1_2&#8243; use_custom_gutter=&#8221;on&#8221; gutter_width=&#8221;1&#8243; custom_padding_last_edited=&#8221;on|phone&#8221; disabled_on=&#8221;on|on|on&#8221; _builder_version=&#8221;4.9.10&#8243; _module_preset=&#8221;default&#8221; positioning=&#8221;fixed&#8221; position_origin_f=&#8221;bottom_center&#8221; z_index=&#8221;500&#8243; width=&#8221;14%&#8221; width_tablet=&#8221;47%&#8221; width_phone=&#8221;37%&#8221; width_last_edited=&#8221;on|phone&#8221; custom_margin=&#8221;||||false|false&#8221; custom_padding=&#8221;0px||0px||true|false&#8221; custom_padding_tablet=&#8221;||||true|false&#8221; custom_padding_phone=&#8221;0px||0px||true|false&#8221; disabled=&#8221;on&#8221; custom_css_main_element_last_edited=&#8221;on|phone&#8221; custom_css_main_element_phone=&#8221;display: -webkit-inline-box;||left: 121px;&#8221;][et_pb_column type=&#8221;1_2&#8243; _builder_version=&#8221;4.9.9&#8243; _module_preset=&#8221;default&#8221;][et_pb_image src=&#8221;https:\/\/dentoclinic.co\/wp-content\/uploads\/2021\/07\/whatsapp.png&#8221; title_text=&#8221;whatsapp&#8221; url=&#8221;https:\/\/api.whatsapp.com\/send?phone=573046233275&#038;text=Hola%20Dentoclinic%2C%20quiero%20m%C3%A1s%20informaci%C3%B3n&#8221; url_new_window=&#8221;on&#8221; align=&#8221;center&#8221; disabled_on=&#8221;on|on|on&#8221; _builder_version=&#8221;4.9.10&#8243; _module_preset=&#8221;default&#8221; background_color=&#8221;#25d366&#8243; custom_margin=&#8221;||||false|false&#8221; custom_padding=&#8221;10px|60px|10px|60px|true|true&#8221; disabled=&#8221;on&#8221;][\/et_pb_image][\/et_pb_column][et_pb_column type=&#8221;1_2&#8243; _builder_version=&#8221;4.9.9&#8243; _module_preset=&#8221;default&#8221;][et_pb_image src=&#8221;https:\/\/dentoclinic.co\/wp-content\/uploads\/2021\/07\/messenger.png&#8221; title_text=&#8221;messenger&#8221; url=&#8221;https:\/\/m.me\/dentocliniccolombia&#8221; url_new_window=&#8221;on&#8221; align=&#8221;center&#8221; _builder_version=&#8221;4.9.10&#8243; _module_preset=&#8221;default&#8221; background_color=&#8221;#346299&#8243; custom_margin=&#8221;||||false|false&#8221; custom_padding=&#8221;10px|60px|10px|60px|true|true&#8221;][\/et_pb_image][\/et_pb_column][\/et_pb_row][\/et_pb_section][et_pb_section fb_built=&#8221;1&#8243; _builder_version=&#8221;4.9.10&#8243; _module_preset=&#8221;default&#8221; custom_padding=&#8221;||0px|||&#8221;][et_pb_row _builder_version=&#8221;4.9.10&#8243; _module_preset=&#8221;default&#8221; width=&#8221;35%&#8221; width_tablet=&#8221;&#8221; width_phone=&#8221;75%&#8221; width_last_edited=&#8221;on|phone&#8221;][et_pb_column type=&#8221;4_4&#8243; _builder_version=&#8221;4.9.10&#8243; _module_preset=&#8221;default&#8221;][et_pb_code _builder_version=&#8221;4.9.10&#8243; _module_preset=&#8221;default&#8221; hover_enabled=&#8221;0&#8243; sticky_enabled=&#8221;0&#8243;]<script type=\"text\/javascript\" src=\"https:\/\/api.clientify.net\/web-marketing\/superforms\/script\/61449.js\"><\/script>[\/et_pb_code][\/et_pb_column][\/et_pb_row][\/et_pb_section][et_pb_section fb_built=&#8221;1&#8243; _builder_version=&#8221;4.9.9&#8243; _module_preset=&#8221;default&#8221; global_module=&#8221;313&#8243; saved_tabs=&#8221;all&#8221;][et_pb_row _builder_version=&#8221;4.9.9&#8243; _module_preset=&#8221;default&#8221;][et_pb_column type=&#8221;4_4&#8243; _builder_version=&#8221;4.9.9&#8243; _module_preset=&#8221;default&#8221;][et_pb_text _builder_version=&#8221;4.9.10&#8243; _module_preset=&#8221;default&#8221; header_font=&#8221;Jost|600|||||||&#8221; header_text_align=&#8221;center&#8221; header_text_color=&#8221;#000000&#8243; header_font_size=&#8221;84px&#8221; header_font_size_tablet=&#8221;&#8221; header_font_size_phone=&#8221;37px&#8221; header_font_size_last_edited=&#8221;on|phone&#8221;]<\/p>\n<h1>\u00bfPreguntas o Inquietudes?<\/h1>\n<div class=\"row\">\n<div class=\"col-md-3\"><\/div>\n<\/div>\n<p>[\/et_pb_text][et_pb_text _builder_version=&#8221;4.9.9&#8243; _module_preset=&#8221;default&#8221; text_font=&#8221;Jost||||||||&#8221; text_text_color=&#8221;#000000&#8243; text_font_size=&#8221;20px&#8221; text_orientation=&#8221;center&#8221; custom_margin=&#8221;-25px||||false|false&#8221;]<\/p>\n<p class=\"lead text-center\">Perm\u00edtenos ayudarte. Nuestro Equipo se encuentra En L\u00ednea y listo para ayudarte.<\/p>\n<div class=\"row\"><\/div>\n<div class=\"row\">\n<div class=\"col-md-8 offset-md-2\">\n<div class=\"row\">\n<div class=\"col-md-4\">\n<div class=\"testimonial-box\"><\/div>\n<\/div>\n<\/div>\n<\/div>\n<\/div>\n<p>[\/et_pb_text][et_pb_button button_url=&#8221;#asesoria-gratis&#8221; button_text=&#8221;Iniciar Asesor\u00eda GRATIS&#8221; button_alignment=&#8221;center&#8221; _builder_version=&#8221;4.9.10&#8243; _module_preset=&#8221;default&#8221; custom_button=&#8221;on&#8221; button_text_size=&#8221;16px&#8221; button_text_color=&#8221;#FFFFFF&#8221; button_bg_color=&#8221;RGBA(0,0,0,0)&#8221; button_border_width=&#8221;1px&#8221; button_border_color=&#8221;#FFFFFF&#8221; button_border_radius=&#8221;25px&#8221; button_font=&#8221;Jost||||||||&#8221; button_use_icon=&#8221;off&#8221; custom_margin=&#8221;||||false|true&#8221; custom_padding=&#8221;|50px||50px|false|true&#8221;][\/et_pb_button][\/et_pb_column][\/et_pb_row][et_pb_row column_structure=&#8221;1_4,1_4,1_4,1_4&#8243; disabled_on=&#8221;on|on|on&#8221; _builder_version=&#8221;4.9.10&#8243; _module_preset=&#8221;default&#8221; disabled=&#8221;on&#8221;][et_pb_column type=&#8221;1_4&#8243; _builder_version=&#8221;4.9.9&#8243; _module_preset=&#8221;default&#8221;][et_pb_image src=&#8221;https:\/\/dentoclinic.co\/wp-content\/uploads\/2021\/07\/preguntasoinquietudesicono01.jpg&#8221; align=&#8221;center&#8221; _builder_version=&#8221;4.9.10&#8243; _module_preset=&#8221;default&#8221;][\/et_pb_image][\/et_pb_column][et_pb_column type=&#8221;1_4&#8243; _builder_version=&#8221;4.9.9&#8243; _module_preset=&#8221;default&#8221;][et_pb_image src=&#8221;https:\/\/dentoclinic.co\/wp-content\/uploads\/2021\/07\/preguntasoinquietudesicono02.jpg&#8221; align=&#8221;center&#8221; _builder_version=&#8221;4.9.10&#8243; _module_preset=&#8221;default&#8221;][\/et_pb_image][\/et_pb_column][et_pb_column type=&#8221;1_4&#8243; _builder_version=&#8221;4.9.9&#8243; _module_preset=&#8221;default&#8221;][et_pb_image src=&#8221;https:\/\/dentoclinic.co\/wp-content\/uploads\/2021\/07\/preguntasoinquietudesicono03.jpg&#8221; align=&#8221;center&#8221; _builder_version=&#8221;4.9.10&#8243; _module_preset=&#8221;default&#8221;][\/et_pb_image][\/et_pb_column][et_pb_column type=&#8221;1_4&#8243; _builder_version=&#8221;4.9.9&#8243; _module_preset=&#8221;default&#8221;][et_pb_image src=&#8221;https:\/\/dentoclinic.co\/wp-content\/uploads\/2021\/07\/preguntasoinquietudesicono04.jpg&#8221; align=&#8221;center&#8221; _builder_version=&#8221;4.9.10&#8243; _module_preset=&#8221;default&#8221;][\/et_pb_image][\/et_pb_column][\/et_pb_row][\/et_pb_section][et_pb_section fb_built=&#8221;1&#8243; _builder_version=&#8221;4.9.9&#8243; _module_preset=&#8221;default&#8221; background_color=&#8221;#502574&#8243; global_module=&#8221;314&#8243; saved_tabs=&#8221;all&#8221;][et_pb_row _builder_version=&#8221;4.9.9&#8243; _module_preset=&#8221;default&#8221;][et_pb_column type=&#8221;4_4&#8243; _builder_version=&#8221;4.9.9&#8243; _module_preset=&#8221;default&#8221;][et_pb_button button_url=&#8221;https:\/\/api.whatsapp.com\/send?phone=573046653944&#038;text=Hola%20Dentoclinic%2C%20quiero%20m%C3%A1s%20informaci%C3%B3n&#8221; url_new_window=&#8221;on&#8221; button_text=&#8221;Cont\u00e1ctanos&#8221; button_alignment=&#8221;center&#8221; _builder_version=&#8221;4.9.10&#8243; _module_preset=&#8221;default&#8221; custom_button=&#8221;on&#8221; button_text_size=&#8221;48px&#8221; button_text_color=&#8221;#502574&#8243; button_bg_color=&#8221;#FFFFFF&#8221; button_border_width=&#8221;0px&#8221; button_border_color=&#8221;#FFFFFF&#8221; button_border_radius=&#8221;60px&#8221; button_font=&#8221;Jost||||||||&#8221; button_use_icon=&#8221;off&#8221; custom_margin=&#8221;-36px||||false|false&#8221; custom_padding=&#8221;|20px||20px|false|true&#8221; button_text_size_tablet=&#8221;&#8221; button_text_size_phone=&#8221;25px&#8221; button_text_size_last_edited=&#8221;on|phone&#8221;][\/et_pb_button][et_pb_text _builder_version=&#8221;4.9.9&#8243; _module_preset=&#8221;default&#8221; text_font=&#8221;Jost||||||||&#8221; text_text_color=&#8221;#FFFFFF&#8221; text_font_size=&#8221;16px&#8221; text_orientation=&#8221;center&#8221; custom_margin=&#8221;-25px||||false|false&#8221;]<\/p>\n<p class=\"lead text-center\">Desde Estados Unidos y Puerto Rico<\/p>\n<div class=\"row\"><\/div>\n<div class=\"row\">\n<div class=\"col-md-8 offset-md-2\">\n<div class=\"row\">\n<div class=\"col-md-4\">\n<div class=\"testimonial-box\"><\/div>\n<\/div>\n<\/div>\n<\/div>\n<\/div>\n<p>[\/et_pb_text][\/et_pb_column][\/et_pb_row][\/et_pb_section]<\/p>\n","protected":false},"excerpt":{"rendered":"<p>Contacto \u00bfPreguntas o Inquietudes? Perm\u00edtenos ayudarte. Nuestro Equipo se encuentra En L\u00ednea y listo para ayudarte. Iniciar Asesor\u00eda GRATIS Cont\u00e1ctanos Desde Estados Unidos y Puerto Rico<\/p>","protected":false},"author":1,"featured_media":0,"parent":0,"menu_order":0,"comment_status":"closed","ping_status":"closed","template":"","meta":{"_et_pb_use_builder":"on","_et_pb_old_content":"","_et_gb_content_width":"","_joinchat":[],"footnotes":""},"class_list":["post-83","page","type-page","status-publish","hentry"],"_links":{"self":[{"href":"https:\/\/dentoclinic.co\/en\/wp-json\/wp\/v2\/pages\/83","targetHints":{"allow":["GET"]}}],"collection":[{"href":"https:\/\/dentoclinic.co\/en\/wp-json\/wp\/v2\/pages"}],"about":[{"href":"https:\/\/dentoclinic.co\/en\/wp-json\/wp\/v2\/types\/page"}],"author":[{"embeddable":true,"href":"https:\/\/dentoclinic.co\/en\/wp-json\/wp\/v2\/users\/1"}],"replies":[{"embeddable":true,"href":"https:\/\/dentoclinic.co\/en\/wp-json\/wp\/v2\/comments?post=83"}],"version-history":[{"count":13,"href":"https:\/\/dentoclinic.co\/en\/wp-json\/wp\/v2\/pages\/83\/revisions"}],"predecessor-version":[{"id":980,"href":"https:\/\/dentoclinic.co\/en\/wp-json\/wp\/v2\/pages\/83\/revisions\/980"}],"wp:attachment":[{"href":"https:\/\/dentoclinic.co\/en\/wp-json\/wp\/v2\/media?parent=83"}],"curies":[{"name":"wp","href":"https:\/\/api.w.org\/{rel}","templated":true}]}}