{"id":82,"date":"2021-07-18T05:43:25","date_gmt":"2021-07-18T05:43:25","guid":{"rendered":"https:\/\/dentoclinic.co\/?page_id=82"},"modified":"2021-08-04T00:21:11","modified_gmt":"2021-08-04T00:21:11","slug":"blog","status":"publish","type":"page","link":"https:\/\/dentoclinic.co\/en\/blog\/","title":{"rendered":"Blog"},"content":{"rendered":"<p>[et_pb_section fb_built=&#8221;1&#8243; _builder_version=&#8221;4.9.10&#8243; _module_preset=&#8221;default&#8221; background_color=&#8221;#502574&#8243; custom_margin=&#8221;||||false|false&#8221; custom_padding=&#8221;19px||0px||false|false&#8221; hover_enabled=&#8221;0&#8243; sticky_enabled=&#8221;0&#8243;][et_pb_row _builder_version=&#8221;4.9.10&#8243; _module_preset=&#8221;default&#8221;][et_pb_column type=&#8221;4_4&#8243; _builder_version=&#8221;4.9.10&#8243; _module_preset=&#8221;default&#8221;][et_pb_text _builder_version=&#8221;4.9.10&#8243; _module_preset=&#8221;default&#8221; header_font=&#8221;Jost|600|||||||&#8221; header_text_align=&#8221;center&#8221; header_text_color=&#8221;#FFFFFF&#8221; header_font_size=&#8221;84px&#8221; custom_margin_tablet=&#8221;&#8221; custom_margin_phone=&#8221;10px||||false|false&#8221; custom_margin_last_edited=&#8221;on|desktop&#8221; header_font_size_tablet=&#8221;&#8221; header_font_size_phone=&#8221;40px&#8221; header_font_size_last_edited=&#8221;on|phone&#8221;]<\/p>\n<div class=\"title\">\n<h1>Blog<\/h1>\n<\/div>\n<p>[\/et_pb_text][\/et_pb_column][\/et_pb_row][\/et_pb_section][et_pb_section fb_built=&#8221;1&#8243; _builder_version=&#8221;4.9.10&#8243; _module_preset=&#8221;default&#8221; background_color=&#8221;RGBA(0,0,0,0)&#8221; positioning=&#8221;fixed&#8221; position_origin_f=&#8221;bottom_center&#8221; z_index=&#8221;500&#8243; custom_padding=&#8221;0px||0px|||&#8221; sticky_position=&#8221;bottom&#8221; global_module=&#8221;260&#8243; saved_tabs=&#8221;all&#8221;][et_pb_row column_structure=&#8221;1_2,1_2&#8243; use_custom_gutter=&#8221;on&#8221; gutter_width=&#8221;1&#8243; custom_padding_last_edited=&#8221;on|phone&#8221; disabled_on=&#8221;off|off|off&#8221; _builder_version=&#8221;4.9.10&#8243; _module_preset=&#8221;default&#8221; positioning=&#8221;fixed&#8221; position_origin_f=&#8221;bottom_center&#8221; z_index=&#8221;500&#8243; width=&#8221;20%&#8221; width_tablet=&#8221;47%&#8221; width_phone=&#8221;37%&#8221; width_last_edited=&#8221;on|phone&#8221; custom_margin=&#8221;||||false|false&#8221; custom_padding=&#8221;0px||0px||true|false&#8221; custom_padding_tablet=&#8221;||||true|false&#8221; custom_padding_phone=&#8221;0px||0px||true|false&#8221; custom_css_main_element_last_edited=&#8221;on|phone&#8221; custom_css_main_element_phone=&#8221;display: -webkit-inline-box;||left: 121px;&#8221;][et_pb_column type=&#8221;1_2&#8243; _builder_version=&#8221;4.9.9&#8243; _module_preset=&#8221;default&#8221;][et_pb_image src=&#8221;https:\/\/dentoclinic.co\/wp-content\/uploads\/2021\/07\/whatsapp.png&#8221; title_text=&#8221;whatsapp&#8221; url=&#8221;https:\/\/api.whatsapp.com\/send?phone=+17864536954&#8243; url_new_window=&#8221;on&#8221; align=&#8221;center&#8221; _builder_version=&#8221;4.9.10&#8243; _module_preset=&#8221;default&#8221; background_color=&#8221;#25d366&#8243; custom_margin=&#8221;||||false|false&#8221; custom_padding=&#8221;10px|60px|10px|60px|true|true&#8221;][\/et_pb_image][\/et_pb_column][et_pb_column type=&#8221;1_2&#8243; _builder_version=&#8221;4.9.9&#8243; _module_preset=&#8221;default&#8221;][et_pb_image src=&#8221;https:\/\/dentoclinic.co\/wp-content\/uploads\/2021\/07\/messenger.png&#8221; title_text=&#8221;messenger&#8221; url=&#8221;https:\/\/m.me\/dentocliniccolombia&#8221; url_new_window=&#8221;on&#8221; align=&#8221;center&#8221; _builder_version=&#8221;4.9.10&#8243; _module_preset=&#8221;default&#8221; background_color=&#8221;#346299&#8243; custom_margin=&#8221;||||false|false&#8221; custom_padding=&#8221;10px|60px|10px|60px|true|true&#8221;][\/et_pb_image][\/et_pb_column][\/et_pb_row][\/et_pb_section][et_pb_section fb_built=&#8221;1&#8243; _builder_version=&#8221;4.9.10&#8243; _module_preset=&#8221;default&#8221;][et_pb_row use_custom_gutter=&#8221;on&#8221; gutter_width=&#8221;2&#8243; make_equal=&#8221;on&#8221; _builder_version=&#8221;4.9.10&#8243; _module_preset=&#8221;default&#8221; custom_margin=&#8221;||||false|false&#8221; custom_padding=&#8221;||||false|false&#8221;][et_pb_column type=&#8221;4_4&#8243; _builder_version=&#8221;4.9.10&#8243; _module_preset=&#8221;default&#8221;][et_pb_blog_extras post_order=&#8221;ASC&#8221; blog_layout=&#8221;block_extended&#8221; image_position=&#8221;background&#8221; show_more=&#8221;off&#8221; show_author=&#8221;off&#8221; show_date=&#8221;off&#8221; show_categories=&#8221;off&#8221; show_comments=&#8221;off&#8221; show_load_more=&#8221;on&#8221; pagination_type=&#8221;off&#8221; _builder_version=&#8221;4.9.10&#8243; _module_preset=&#8221;default&#8221; header_font=&#8221;Jost||||||||&#8221; header_text_align=&#8221;center&#8221;][\/et_pb_blog_extras][\/et_pb_column][\/et_pb_row][\/et_pb_section][et_pb_section fb_built=&#8221;1&#8243; _builder_version=&#8221;4.9.10&#8243; _module_preset=&#8221;default&#8221; background_color=&#8221;#502574&#8243; global_module=&#8221;552&#8243; saved_tabs=&#8221;all&#8221;][et_pb_row _builder_version=&#8221;4.9.10&#8243; _module_preset=&#8221;default&#8221;][et_pb_column type=&#8221;4_4&#8243; _builder_version=&#8221;4.9.10&#8243; _module_preset=&#8221;default&#8221;][et_pb_text _builder_version=&#8221;4.9.10&#8243; _module_preset=&#8221;default&#8221; header_font=&#8221;Jost|600|||||||&#8221; header_text_align=&#8221;center&#8221; header_text_color=&#8221;#FFFFFF&#8221; header_font_size=&#8221;84px&#8221; custom_margin=&#8221;||5px|||&#8221; custom_margin_tablet=&#8221;&#8221; custom_margin_phone=&#8221;10px||||false|false&#8221; custom_margin_last_edited=&#8221;on|desktop&#8221; header_font_size_tablet=&#8221;&#8221; header_font_size_phone=&#8221;40px&#8221; header_font_size_last_edited=&#8221;on|phone&#8221;]<\/p>\n<div class=\"title\">\n<h1 class=\"text-center\">Bolet\u00edn de novedades<\/h1>\n<\/div>\n<p>[\/et_pb_text][et_pb_text _builder_version=&#8221;4.9.10&#8243; _module_preset=&#8221;default&#8221; text_font=&#8221;Jost|300|||||||&#8221; text_text_color=&#8221;#FFFFFF&#8221; text_font_size=&#8221;16px&#8221; text_orientation=&#8221;center&#8221;]<\/p>\n<p class=\"text-center\">Suscr\u00edbete a nuestras noticias y recibe tips, novedades y consejos vitales para tu salud oral.<\/p>\n<form action=\"https:\/\/www.dentoclinic.com.co\/newsletter\" method=\"post\">\n<div class=\"row\">\n<div class=\"col-md-6 offset-md-3\"><\/div>\n<\/div>\n<\/form>\n<p>[\/et_pb_text][et_pb_contact_form success_message=&#8221;Gracias por suscribirte!!&#8221; submit_button_text=&#8221;Suscribirme&#8221; _builder_version=&#8221;4.9.10&#8243; _module_preset=&#8221;default&#8221; form_field_background_color=&#8221;#FFFFFF&#8221; form_field_text_color=&#8221;#757d85&#8243; form_field_focus_text_color=&#8221;#424242&#8243; form_field_custom_margin=&#8221;14px|20px|14px|20px|true|true&#8221; form_field_custom_padding=&#8221;10px||10px||true|false&#8221; title_level=&#8221;h3&#8243; title_font=&#8221;Jost||||||||&#8221; title_text_align=&#8221;center&#8221; title_text_color=&#8221;#535353&#8243; title_font_size=&#8221;20px&#8221; form_field_font=&#8221;Jost||||||||&#8221; form_field_font_size=&#8221;15px&#8221; background_color=&#8221;RGBA(0,0,0,0)&#8221; custom_button=&#8221;on&#8221; button_text_size=&#8221;16px&#8221; button_text_color=&#8221;#000000&#8243; button_bg_color=&#8221;#6cb5e9&#8243; button_border_width=&#8221;0px&#8221; button_border_color=&#8221;#502574&#8243; button_border_radius=&#8221;3px&#8221; button_font=&#8221;Jost||||||||&#8221; button_use_icon=&#8221;off&#8221; button_custom_margin=&#8221;|25px||25px|false|true&#8221; button_custom_padding=&#8221;||||false|true&#8221; button_custom_padding_tablet=&#8221;&#8221; button_custom_padding_phone=&#8221;||||false|true&#8221; button_custom_padding_last_edited=&#8221;on|phone&#8221; max_width=&#8221;50%&#8221; max_width_tablet=&#8221;&#8221; max_width_phone=&#8221;100%&#8221; max_width_last_edited=&#8221;on|phone&#8221; module_alignment=&#8221;center&#8221; custom_margin=&#8221;||||false|false&#8221; custom_padding=&#8221;||20px||false|false&#8221; title_font_size_tablet=&#8221;&#8221; title_font_size_phone=&#8221;20px&#8221; title_font_size_last_edited=&#8221;on|phone&#8221; custom_css_main_element=&#8221;border-radius: 0px;||border: 1px solid rgba(189,189,189,0);&#8221; custom_css_contact_title=&#8221;\/*background: #502574;*\/||padding-top: 15px;||\/*padding-left: 15px;*\/||\/*border-top-right-radius: 8px;||border-top-left-radius: 8px;*\/&#8221; custom_css_contact_button=&#8221;\/*border-color: #5CB0B8;*\/&#8221; border_width_all=&#8221;1px&#8221; border_color_all=&#8221;RGBA(0,0,0,0)&#8221;][et_pb_contact_field field_id=&#8221;correo&#8221; field_title=&#8221;Correo Electr\u00f3nico&#8221; field_type=&#8221;email&#8221; fullwidth_field=&#8221;on&#8221; _builder_version=&#8221;4.9.9&#8243; button_text_size__hover_enabled=&#8221;off&#8221; button_one_text_size__hover_enabled=&#8221;off&#8221; button_two_text_size__hover_enabled=&#8221;off&#8221; button_text_color__hover_enabled=&#8221;off&#8221; button_one_text_color__hover_enabled=&#8221;off&#8221; button_two_text_color__hover_enabled=&#8221;off&#8221; button_border_width__hover_enabled=&#8221;off&#8221; button_one_border_width__hover_enabled=&#8221;off&#8221; button_two_border_width__hover_enabled=&#8221;off&#8221; button_border_color__hover_enabled=&#8221;off&#8221; button_one_border_color__hover_enabled=&#8221;off&#8221; button_two_border_color__hover_enabled=&#8221;off&#8221; button_border_radius__hover_enabled=&#8221;off&#8221; button_one_border_radius__hover_enabled=&#8221;off&#8221; button_two_border_radius__hover_enabled=&#8221;off&#8221; button_letter_spacing__hover_enabled=&#8221;off&#8221; button_one_letter_spacing__hover_enabled=&#8221;off&#8221; button_two_letter_spacing__hover_enabled=&#8221;off&#8221; button_bg_color__hover_enabled=&#8221;off&#8221; button_one_bg_color__hover_enabled=&#8221;off&#8221; button_two_bg_color__hover_enabled=&#8221;off&#8221;][\/et_pb_contact_field][\/et_pb_contact_form][\/et_pb_column][\/et_pb_row][\/et_pb_section][et_pb_section fb_built=&#8221;1&#8243; _builder_version=&#8221;4.9.9&#8243; _module_preset=&#8221;default&#8221; global_module=&#8221;313&#8243; saved_tabs=&#8221;all&#8221;][et_pb_row _builder_version=&#8221;4.9.9&#8243; _module_preset=&#8221;default&#8221;][et_pb_column type=&#8221;4_4&#8243; _builder_version=&#8221;4.9.9&#8243; _module_preset=&#8221;default&#8221;][et_pb_text _builder_version=&#8221;4.9.10&#8243; _module_preset=&#8221;default&#8221; header_font=&#8221;Jost|600|||||||&#8221; header_text_align=&#8221;center&#8221; header_text_color=&#8221;#000000&#8243; header_font_size=&#8221;84px&#8221; header_font_size_tablet=&#8221;&#8221; header_font_size_phone=&#8221;37px&#8221; header_font_size_last_edited=&#8221;on|phone&#8221;]<\/p>\n<h1>\u00bfPreguntas o Inquietudes?<\/h1>\n<div class=\"row\">\n<div class=\"col-md-3\"><\/div>\n<\/div>\n<p>[\/et_pb_text][et_pb_text _builder_version=&#8221;4.9.9&#8243; _module_preset=&#8221;default&#8221; text_font=&#8221;Jost||||||||&#8221; text_text_color=&#8221;#000000&#8243; text_font_size=&#8221;20px&#8221; text_orientation=&#8221;center&#8221; custom_margin=&#8221;-25px||||false|false&#8221;]<\/p>\n<p class=\"lead text-center\">Perm\u00edtenos ayudarte. Nuestro Equipo se encuentra En L\u00ednea y listo para ayudarte.<\/p>\n<div class=\"row\"><\/div>\n<div class=\"row\">\n<div class=\"col-md-8 offset-md-2\">\n<div class=\"row\">\n<div class=\"col-md-4\">\n<div class=\"testimonial-box\"><\/div>\n<\/div>\n<\/div>\n<\/div>\n<\/div>\n<p>[\/et_pb_text][\/et_pb_column][\/et_pb_row][et_pb_row column_structure=&#8221;1_4,1_4,1_4,1_4&#8243; _builder_version=&#8221;4.9.9&#8243; _module_preset=&#8221;default&#8221;][et_pb_column type=&#8221;1_4&#8243; _builder_version=&#8221;4.9.9&#8243; _module_preset=&#8221;default&#8221;][et_pb_image src=&#8221;https:\/\/dentoclinic.co\/wp-content\/uploads\/2021\/07\/preguntasoinquietudesicono01.jpg&#8221; align=&#8221;center&#8221; _builder_version=&#8221;4.9.10&#8243; _module_preset=&#8221;default&#8221;][\/et_pb_image][\/et_pb_column][et_pb_column type=&#8221;1_4&#8243; _builder_version=&#8221;4.9.9&#8243; _module_preset=&#8221;default&#8221;][et_pb_image src=&#8221;https:\/\/dentoclinic.co\/wp-content\/uploads\/2021\/07\/preguntasoinquietudesicono02.jpg&#8221; align=&#8221;center&#8221; _builder_version=&#8221;4.9.10&#8243; _module_preset=&#8221;default&#8221;][\/et_pb_image][\/et_pb_column][et_pb_column type=&#8221;1_4&#8243; _builder_version=&#8221;4.9.9&#8243; _module_preset=&#8221;default&#8221;][et_pb_image src=&#8221;https:\/\/dentoclinic.co\/wp-content\/uploads\/2021\/07\/preguntasoinquietudesicono03.jpg&#8221; align=&#8221;center&#8221; _builder_version=&#8221;4.9.10&#8243; _module_preset=&#8221;default&#8221;][\/et_pb_image][\/et_pb_column][et_pb_column type=&#8221;1_4&#8243; _builder_version=&#8221;4.9.9&#8243; _module_preset=&#8221;default&#8221;][et_pb_image src=&#8221;https:\/\/dentoclinic.co\/wp-content\/uploads\/2021\/07\/preguntasoinquietudesicono04.jpg&#8221; align=&#8221;center&#8221; _builder_version=&#8221;4.9.10&#8243; _module_preset=&#8221;default&#8221;][\/et_pb_image][\/et_pb_column][\/et_pb_row][\/et_pb_section][et_pb_section fb_built=&#8221;1&#8243; _builder_version=&#8221;4.9.9&#8243; _module_preset=&#8221;default&#8221; background_color=&#8221;#502574&#8243; global_module=&#8221;314&#8243; saved_tabs=&#8221;all&#8221;][et_pb_row _builder_version=&#8221;4.9.9&#8243; _module_preset=&#8221;default&#8221;][et_pb_column type=&#8221;4_4&#8243; _builder_version=&#8221;4.9.9&#8243; _module_preset=&#8221;default&#8221;][et_pb_text _builder_version=&#8221;4.9.9&#8243; _module_preset=&#8221;default&#8221; header_font=&#8221;Jost|600|||||||&#8221; header_text_align=&#8221;center&#8221; header_text_color=&#8221;#FFFFFF&#8221; header_font_size=&#8221;84px&#8221; header_font_size_tablet=&#8221;&#8221; header_font_size_phone=&#8221;55px&#8221; header_font_size_last_edited=&#8221;on|phone&#8221;]<\/p>\n<h1 class=\"wow slideInRight animated\">\u00a1Ll\u00e1manos!<\/h1>\n<div class=\"row\">\n<div class=\"col-md-3\"><\/div>\n<\/div>\n<p>[\/et_pb_text][et_pb_button button_url=&#8221;tel:17864536954&#8243; button_text=&#8221;+1(786)453-6954&#8243; button_alignment=&#8221;center&#8221; _builder_version=&#8221;4.9.10&#8243; _module_preset=&#8221;default&#8221; custom_button=&#8221;on&#8221; button_text_size=&#8221;48px&#8221; button_text_color=&#8221;#502574&#8243; button_bg_color=&#8221;#FFFFFF&#8221; button_border_width=&#8221;0px&#8221; button_border_color=&#8221;#FFFFFF&#8221; button_border_radius=&#8221;60px&#8221; button_font=&#8221;Jost||||||||&#8221; button_use_icon=&#8221;off&#8221; custom_margin=&#8221;-36px||||false|false&#8221; custom_padding=&#8221;|20px||20px|false|true&#8221; button_text_size_tablet=&#8221;&#8221; button_text_size_phone=&#8221;25px&#8221; button_text_size_last_edited=&#8221;on|phone&#8221;][\/et_pb_button][et_pb_text _builder_version=&#8221;4.9.9&#8243; _module_preset=&#8221;default&#8221; text_font=&#8221;Jost||||||||&#8221; text_text_color=&#8221;#FFFFFF&#8221; text_font_size=&#8221;16px&#8221; text_orientation=&#8221;center&#8221; custom_margin=&#8221;-25px||||false|false&#8221;]<\/p>\n<p class=\"lead text-center\">Desde Estados Unidos y Puerto Rico<\/p>\n<div class=\"row\"><\/div>\n<div class=\"row\">\n<div class=\"col-md-8 offset-md-2\">\n<div class=\"row\">\n<div class=\"col-md-4\">\n<div class=\"testimonial-box\"><\/div>\n<\/div>\n<\/div>\n<\/div>\n<\/div>\n<p>[\/et_pb_text][\/et_pb_column][\/et_pb_row][\/et_pb_section]<\/p>\n","protected":false},"excerpt":{"rendered":"<p>Blog Inicio InicioInicioTURISMO EST\u00c9TICO EN COLOMBIAImplantes DentalesDesde $450 d\u00f3lares Ahorra miles de d\u00f3lares en Odontolog\u00eda mientras visitas un destino incre\u00edble en Am\u00e9rica Latina. Servicios Tecnolog\u00eda de Punta en Implantes Dentales que se adaptan naturalmente a tus enc\u00edas produciendo&#8230; Paquetes PaquetesPaquetesPaquetes \u00a1Paquetes Todo Inclu\u00eddo! Todo lo que necesitas sin costos ocultos. \u00a0 \u00a0 2 a 10 [&hellip;]<\/p>\n","protected":false},"author":1,"featured_media":0,"parent":0,"menu_order":0,"comment_status":"closed","ping_status":"closed","template":"","meta":{"_et_pb_use_builder":"on","_et_pb_old_content":"","_et_gb_content_width":"","_joinchat":[],"footnotes":""},"class_list":["post-82","page","type-page","status-publish","hentry"],"_links":{"self":[{"href":"https:\/\/dentoclinic.co\/en\/wp-json\/wp\/v2\/pages\/82","targetHints":{"allow":["GET"]}}],"collection":[{"href":"https:\/\/dentoclinic.co\/en\/wp-json\/wp\/v2\/pages"}],"about":[{"href":"https:\/\/dentoclinic.co\/en\/wp-json\/wp\/v2\/types\/page"}],"author":[{"embeddable":true,"href":"https:\/\/dentoclinic.co\/en\/wp-json\/wp\/v2\/users\/1"}],"replies":[{"embeddable":true,"href":"https:\/\/dentoclinic.co\/en\/wp-json\/wp\/v2\/comments?post=82"}],"version-history":[{"count":39,"href":"https:\/\/dentoclinic.co\/en\/wp-json\/wp\/v2\/pages\/82\/revisions"}],"predecessor-version":[{"id":814,"href":"https:\/\/dentoclinic.co\/en\/wp-json\/wp\/v2\/pages\/82\/revisions\/814"}],"wp:attachment":[{"href":"https:\/\/dentoclinic.co\/en\/wp-json\/wp\/v2\/media?parent=82"}],"curies":[{"name":"wp","href":"https:\/\/api.w.org\/{rel}","templated":true}]}}